{"id":654,"date":"2024-05-13T18:50:26","date_gmt":"2024-05-13T16:50:26","guid":{"rendered":"https:\/\/web.bsv-halle.de\/cms\/?page_id=654"},"modified":"2026-04-21T13:16:54","modified_gmt":"2026-04-21T11:16:54","slug":"sportarten","status":"publish","type":"page","link":"https:\/\/web.bsv-halle.de\/cms\/sportarten\/","title":{"rendered":"Sportarten"},"content":{"rendered":"\t\t<div data-elementor-type=\"wp-page\" data-elementor-id=\"654\" class=\"elementor elementor-654\" data-elementor-post-type=\"page\">\n\t\t\t\t<div class=\"elementor-element elementor-element-7a01a54 e-con-full e-flex e-con e-parent\" data-id=\"7a01a54\" data-element_type=\"container\" data-settings=\"{&quot;background_background&quot;:&quot;classic&quot;}\">\n\t\t\t\t<div class=\"elementor-element elementor-element-4ec5fb4 elementor-widget elementor-widget-heading\" data-id=\"4ec5fb4\" data-element_type=\"widget\" data-widget_type=\"heading.default\">\n\t\t\t\t<div class=\"elementor-widget-container\">\n\t\t\t\t\t<h2 class=\"elementor-heading-title elementor-size-default\">Die 4 Sportarten unseres Vereins<\/h2>\t\t\t\t<\/div>\n\t\t\t\t<\/div>\n\t\t\t\t<div class=\"elementor-element elementor-element-1d15d2d elementor-widget elementor-widget-text-editor\" data-id=\"1d15d2d\" data-element_type=\"widget\" data-widget_type=\"text-editor.default\">\n\t\t\t\t<div class=\"elementor-widget-container\">\n\t\t\t\t\t\t\t\t\t<p>Tolle Angebote auf und neben dem Wasser<\/p>\t\t\t\t\t\t\t\t<\/div>\n\t\t\t\t<\/div>\n\t\t<div class=\"elementor-element elementor-element-267c15d e-con-full e-flex e-con e-child\" data-id=\"267c15d\" data-element_type=\"container\">\n\t\t<div class=\"elementor-element elementor-element-3bc319c e-con-full e-flex e-con e-child\" data-id=\"3bc319c\" data-element_type=\"container\">\n\t\t<div class=\"elementor-element elementor-element-000a5e3 e-con-full e-flex e-con e-child\" data-id=\"000a5e3\" data-element_type=\"container\" data-settings=\"{&quot;background_background&quot;:&quot;classic&quot;}\">\n\t\t\t\t<div class=\"elementor-element elementor-element-e1bbc0e elementor-position-top elementor-widget elementor-widget-image-box\" data-id=\"e1bbc0e\" data-element_type=\"widget\" data-widget_type=\"image-box.default\">\n\t\t\t\t<div class=\"elementor-widget-container\">\n\t\t\t\t\t<div class=\"elementor-image-box-wrapper\"><figure class=\"elementor-image-box-img\"><a href=\"https:\/\/web.bsv-halle.de\/cms\/kanu-2\/\" tabindex=\"-1\"><img decoding=\"async\" src=\"https:\/\/web.bsv-halle.de\/cms\/wp-content\/uploads\/elementor\/thumbs\/OIP5-qieqx7eo6php6auul4eae8tmlw8ubl0yy0e4su6644.jpg\" title=\"OIP5\" alt=\"OIP5\" class=\"elementor-animation-grow\" loading=\"lazy\" \/><\/a><\/figure><div class=\"elementor-image-box-content\"><h3 class=\"elementor-image-box-title\"><a href=\"https:\/\/web.bsv-halle.de\/cms\/kanu-2\/\">Kanu<\/a><\/h3><p class=\"elementor-image-box-description\">Unsere Kanu-Sektion ist die gr\u00f6\u00dfte unseres Vereins und bietet eine Vielzahl von Aktivit\u00e4ten f\u00fcr alle Altersgruppen. In der Kanu Slalom-Abteilung liegt der Fokus auf Nachwuchsarbeit und Leistungssport. Unsere Trainer f\u00f6rdern junge Talente und bereiten sie auf Wettk\u00e4mpfe vor. Der Kanu Breitensport begeistert mit tollen Wanderpaddeltouren, bei denen die Naturerfahrung im Vordergrund steht. Im Kanu Polo arbeiten wir eng mit der Universit\u00e4t Halle zusammen und bieten spannende Kurse.<\/p><\/div><\/div>\t\t\t\t<\/div>\n\t\t\t\t<\/div>\n\t\t\t\t<\/div>\n\t\t<div class=\"elementor-element elementor-element-f8d4a59 e-con-full e-flex e-con e-child\" data-id=\"f8d4a59\" data-element_type=\"container\" data-settings=\"{&quot;background_background&quot;:&quot;classic&quot;}\">\n\t\t\t\t<div class=\"elementor-element elementor-element-9bac414 elementor-position-top elementor-widget elementor-widget-image-box\" data-id=\"9bac414\" data-element_type=\"widget\" data-widget_type=\"image-box.default\">\n\t\t\t\t<div class=\"elementor-widget-container\">\n\t\t\t\t\t<div class=\"elementor-image-box-wrapper\"><figure class=\"elementor-image-box-img\"><a href=\"https:\/\/web.bsv-halle.de\/cms\/gymnastik-2\/\" tabindex=\"-1\"><img decoding=\"async\" src=\"https:\/\/web.bsv-halle.de\/cms\/wp-content\/uploads\/elementor\/thumbs\/847719-qieqx5izquhay6iw65jh5gcsd9aiylnpz5uwj7q3gi.png\" title=\"847719\" alt=\"847719\" class=\"elementor-animation-grow\" loading=\"lazy\" \/><\/a><\/figure><div class=\"elementor-image-box-content\"><h3 class=\"elementor-image-box-title\"><a href=\"https:\/\/web.bsv-halle.de\/cms\/gymnastik-2\/\">Gymnastik<\/a><\/h3><p class=\"elementor-image-box-description\">Unsere Gymnastik-Sportgruppe richtet sich speziell an Seniorinnen, die fit und aktiv bleiben m\u00f6chten. In regelm\u00e4\u00dfigen Treffen machen wir gemeinsam Sport, tauschen uns aus und f\u00f6rdern so nicht nur die k\u00f6rperliche, sondern auch die soziale Gesundheit. Jeder ist willkommen, der in geselliger Runde etwas f\u00fcr seine Fitness tun m\u00f6chte.<\/p><\/div><\/div>\t\t\t\t<\/div>\n\t\t\t\t<\/div>\n\t\t\t\t<\/div>\n\t\t\t\t<\/div>\n\t\t<div class=\"elementor-element elementor-element-1362326 e-con-full e-flex e-con e-child\" data-id=\"1362326\" data-element_type=\"container\">\n\t\t<div class=\"elementor-element elementor-element-bdeca9c e-con-full e-flex e-con e-child\" data-id=\"bdeca9c\" data-element_type=\"container\" data-settings=\"{&quot;background_background&quot;:&quot;classic&quot;}\">\n\t\t\t\t<div class=\"elementor-element elementor-element-f636d16 elementor-position-top elementor-widget elementor-widget-image-box\" data-id=\"f636d16\" data-element_type=\"widget\" data-widget_type=\"image-box.default\">\n\t\t\t\t<div class=\"elementor-widget-container\">\n\t\t\t\t\t<div class=\"elementor-image-box-wrapper\"><figure class=\"elementor-image-box-img\"><a href=\"https:\/\/web.bsv-halle.de\/cms\/volleyball-2\/\" tabindex=\"-1\"><img decoding=\"async\" src=\"https:\/\/web.bsv-halle.de\/cms\/wp-content\/uploads\/elementor\/thumbs\/OIP2-qieqx7eo6php6auul4eae8tmlw8ubl0yy0e4su6644.jpg\" title=\"OIP2\" alt=\"OIP2\" class=\"elementor-animation-grow\" loading=\"lazy\" \/><\/a><\/figure><div class=\"elementor-image-box-content\"><h3 class=\"elementor-image-box-title\"><a href=\"https:\/\/web.bsv-halle.de\/cms\/volleyball-2\/\">Volleyball<\/a><\/h3><p class=\"elementor-image-box-description\">Die Volleyball-Sektion trainiert regelm\u00e4\u00dfig und nimmt aktiv an der Stadtliga teil. Unser Team ist stets auf der Suche nach neuen Mitspielern, die Spa\u00df am Volleyball haben und unser Team unterst\u00fctzen m\u00f6chten. Egal ob Anf\u00e4nger oder erfahrener Spieler \u2013 bei uns findest du ein motiviertes und freundliches Team.<\/p><\/div><\/div>\t\t\t\t<\/div>\n\t\t\t\t<\/div>\n\t\t\t\t<\/div>\n\t\t<div class=\"elementor-element elementor-element-65a4b50 e-con-full e-flex e-con e-child\" data-id=\"65a4b50\" data-element_type=\"container\" data-settings=\"{&quot;background_background&quot;:&quot;classic&quot;}\">\n\t\t\t\t<div class=\"elementor-element elementor-element-f2c0cb7 elementor-position-top elementor-widget elementor-widget-image-box\" data-id=\"f2c0cb7\" data-element_type=\"widget\" data-widget_type=\"image-box.default\">\n\t\t\t\t<div class=\"elementor-widget-container\">\n\t\t\t\t\t<div class=\"elementor-image-box-wrapper\"><figure class=\"elementor-image-box-img\"><a href=\"https:\/\/web.bsv-halle.de\/cms\/allgemeine-sportgruppe-2\/\" tabindex=\"-1\"><img decoding=\"async\" src=\"https:\/\/web.bsv-halle.de\/cms\/wp-content\/uploads\/elementor\/thumbs\/1710737-qieqx6gtxoic2bolkfjhvqzqsev03ndf581d3nqz2a.png\" title=\"1710737\" alt=\"1710737\" class=\"elementor-animation-grow\" loading=\"lazy\" \/><\/a><\/figure><div class=\"elementor-image-box-content\"><h3 class=\"elementor-image-box-title\"><a href=\"https:\/\/web.bsv-halle.de\/cms\/allgemeine-sportgruppe-2\/\">Allgemeine Sportgruppe<\/a><\/h3><p class=\"elementor-image-box-description\">In unserer Allgemeinen Sportgruppe liegt der Schwerpunkt auf Hallenfu\u00dfball und allgemeiner Fitness. Hier k\u00f6nnen sich Sportbegeisterte auspowern und gemeinsam fit bleiben. Ob Fu\u00dfballspiele in der Halle oder abwechslungsreiche Fitness\u00fcbungen \u2013 unser Angebot richtet sich an alle, die Freude an Bewegung haben.<\/p><\/div><\/div>\t\t\t\t<\/div>\n\t\t\t\t<\/div>\n\t\t\t\t<\/div>\n\t\t\t\t<\/div>\n\t\t\t\t<\/div>\n\t\t\t\t<\/div>\n\t\t\t\t<\/div>\n\t\t","protected":false},"excerpt":{"rendered":"<p>Die 4 Sportarten unseres Vereins Tolle Angebote auf und neben dem Wasser Kanu Unsere Kanu-Sektion ist die gr\u00f6\u00dfte unseres Vereins und bietet eine Vielzahl von Aktivit\u00e4ten f\u00fcr alle Altersgruppen. In [&hellip;]<\/p>\n","protected":false},"author":4,"featured_media":0,"parent":0,"menu_order":0,"comment_status":"closed","ping_status":"closed","template":"","meta":{"_EventAllDay":false,"_EventTimezone":"","_EventStartDate":"","_EventEndDate":"","_EventStartDateUTC":"","_EventEndDateUTC":"","_EventShowMap":false,"_EventShowMapLink":false,"_EventURL":"","_EventCost":"","_EventCostDescription":"","_EventCurrencySymbol":"","_EventCurrencyCode":"","_EventCurrencyPosition":"","_EventDateTimeSeparator":"","_EventTimeRangeSeparator":"","_EventOrganizerID":[],"_EventVenueID":[],"_OrganizerEmail":"","_OrganizerPhone":"","_OrganizerWebsite":"","_VenueAddress":"","_VenueCity":"","_VenueCountry":"","_VenueProvince":"","_VenueState":"","_VenueZip":"","_VenuePhone":"","_VenueURL":"","_VenueStateProvince":"","_VenueLat":"","_VenueLng":"","_VenueShowMap":false,"_VenueShowMapLink":false,"ocean_post_layout":"full-screen","ocean_both_sidebars_style":"","ocean_both_sidebars_content_width":0,"ocean_both_sidebars_sidebars_width":0,"ocean_sidebar":"","ocean_second_sidebar":"","ocean_disable_margins":"enable","ocean_add_body_class":"","ocean_shortcode_before_top_bar":"","ocean_shortcode_after_top_bar":"","ocean_shortcode_before_header":"","ocean_shortcode_after_header":"","ocean_has_shortcode":"","ocean_shortcode_after_title":"","ocean_shortcode_before_footer_widgets":"","ocean_shortcode_after_footer_widgets":"","ocean_shortcode_before_footer_bottom":"","ocean_shortcode_after_footer_bottom":"","ocean_display_top_bar":"off","ocean_display_header":"default","ocean_header_style":"","ocean_center_header_left_menu":"","ocean_custom_header_template":"","ocean_custom_logo":0,"ocean_custom_retina_logo":0,"ocean_custom_logo_max_width":0,"ocean_custom_logo_tablet_max_width":0,"ocean_custom_logo_mobile_max_width":0,"ocean_custom_logo_max_height":0,"ocean_custom_logo_tablet_max_height":0,"ocean_custom_logo_mobile_max_height":0,"ocean_header_custom_menu":"","ocean_menu_typo_font_family":"","ocean_menu_typo_font_subset":"","ocean_menu_typo_font_size":0,"ocean_menu_typo_font_size_tablet":0,"ocean_menu_typo_font_size_mobile":0,"ocean_menu_typo_font_size_unit":"px","ocean_menu_typo_font_weight":"","ocean_menu_typo_font_weight_tablet":"","ocean_menu_typo_font_weight_mobile":"","ocean_menu_typo_transform":"","ocean_menu_typo_transform_tablet":"","ocean_menu_typo_transform_mobile":"","ocean_menu_typo_line_height":0,"ocean_menu_typo_line_height_tablet":0,"ocean_menu_typo_line_height_mobile":0,"ocean_menu_typo_line_height_unit":"","ocean_menu_typo_spacing":0,"ocean_menu_typo_spacing_tablet":0,"ocean_menu_typo_spacing_mobile":0,"ocean_menu_typo_spacing_unit":"","ocean_menu_link_color":"","ocean_menu_link_color_hover":"","ocean_menu_link_color_active":"","ocean_menu_link_background":"","ocean_menu_link_hover_background":"","ocean_menu_link_active_background":"","ocean_menu_social_links_bg":"","ocean_menu_social_hover_links_bg":"","ocean_menu_social_links_color":"","ocean_menu_social_hover_links_color":"","ocean_disable_title":"on","ocean_disable_heading":"default","ocean_post_title":"","ocean_post_subheading":"","ocean_post_title_style":"","ocean_post_title_background_color":"","ocean_post_title_background":0,"ocean_post_title_bg_image_position":"","ocean_post_title_bg_image_attachment":"","ocean_post_title_bg_image_repeat":"","ocean_post_title_bg_image_size":"","ocean_post_title_height":0,"ocean_post_title_bg_overlay":0.5,"ocean_post_title_bg_overlay_color":"","ocean_disable_breadcrumbs":"default","ocean_breadcrumbs_color":"","ocean_breadcrumbs_separator_color":"","ocean_breadcrumbs_links_color":"","ocean_breadcrumbs_links_hover_color":"","ocean_display_footer_widgets":"off","ocean_display_footer_bottom":"off","ocean_custom_footer_template":"","footnotes":""},"class_list":["post-654","page","type-page","status-publish","hentry","entry"],"aioseo_notices":[],"_links":{"self":[{"href":"https:\/\/web.bsv-halle.de\/cms\/wp-json\/wp\/v2\/pages\/654","targetHints":{"allow":["GET"]}}],"collection":[{"href":"https:\/\/web.bsv-halle.de\/cms\/wp-json\/wp\/v2\/pages"}],"about":[{"href":"https:\/\/web.bsv-halle.de\/cms\/wp-json\/wp\/v2\/types\/page"}],"author":[{"embeddable":true,"href":"https:\/\/web.bsv-halle.de\/cms\/wp-json\/wp\/v2\/users\/4"}],"replies":[{"embeddable":true,"href":"https:\/\/web.bsv-halle.de\/cms\/wp-json\/wp\/v2\/comments?post=654"}],"version-history":[{"count":10,"href":"https:\/\/web.bsv-halle.de\/cms\/wp-json\/wp\/v2\/pages\/654\/revisions"}],"predecessor-version":[{"id":2496,"href":"https:\/\/web.bsv-halle.de\/cms\/wp-json\/wp\/v2\/pages\/654\/revisions\/2496"}],"wp:attachment":[{"href":"https:\/\/web.bsv-halle.de\/cms\/wp-json\/wp\/v2\/media?parent=654"}],"curies":[{"name":"wp","href":"https:\/\/api.w.org\/{rel}","templated":true}]}}