{"id":708,"date":"2024-05-14T11:19:33","date_gmt":"2024-05-14T09:19:33","guid":{"rendered":"https:\/\/web.bsv-halle.de\/cms\/?page_id=708"},"modified":"2026-04-21T13:16:20","modified_gmt":"2026-04-21T11:16:20","slug":"kanu","status":"publish","type":"page","link":"https:\/\/web.bsv-halle.de\/cms\/kanu\/","title":{"rendered":"Kanu"},"content":{"rendered":"\t\t<div data-elementor-type=\"wp-page\" data-elementor-id=\"708\" class=\"elementor elementor-708\" data-elementor-post-type=\"page\">\n\t\t\t\t<div class=\"elementor-element elementor-element-7a01a54 e-con-full e-flex e-con e-parent\" data-id=\"7a01a54\" data-element_type=\"container\" data-settings=\"{&quot;background_background&quot;:&quot;classic&quot;}\">\n\t\t\t\t<div class=\"elementor-element elementor-element-4ec5fb4 elementor-widget elementor-widget-heading\" data-id=\"4ec5fb4\" data-element_type=\"widget\" data-widget_type=\"heading.default\">\n\t\t\t\t<div class=\"elementor-widget-container\">\n\t\t\t\t\t<h2 class=\"elementor-heading-title elementor-size-default\">Die Sektion Kanu<\/h2>\t\t\t\t<\/div>\n\t\t\t\t<\/div>\n\t\t\t\t<div class=\"elementor-element elementor-element-1d15d2d elementor-widget elementor-widget-text-editor\" data-id=\"1d15d2d\" data-element_type=\"widget\" data-widget_type=\"text-editor.default\">\n\t\t\t\t<div class=\"elementor-widget-container\">\n\t\t\t\t\t\t\t\t\t<p>Ob Slalom , Wanderpaddeln oder\u00a0 Kanu Polo &#8211; hier findet jeder etwas!<\/p>\t\t\t\t\t\t\t\t<\/div>\n\t\t\t\t<\/div>\n\t\t<div class=\"elementor-element elementor-element-267c15d e-con-full e-flex e-con e-child\" data-id=\"267c15d\" data-element_type=\"container\">\n\t\t<div class=\"elementor-element elementor-element-3bc319c e-con-full e-flex e-con e-child\" data-id=\"3bc319c\" data-element_type=\"container\">\n\t\t<div class=\"elementor-element elementor-element-000a5e3 e-con-full e-flex e-con e-child\" data-id=\"000a5e3\" data-element_type=\"container\" data-settings=\"{&quot;background_background&quot;:&quot;classic&quot;}\">\n\t\t\t\t<div class=\"elementor-element elementor-element-41beb2a elementor-widget elementor-widget-image\" data-id=\"41beb2a\" data-element_type=\"widget\" data-widget_type=\"image.default\">\n\t\t\t\t<div class=\"elementor-widget-container\">\n\t\t\t\t\t\t\t\t\t\t\t\t\t\t\t<img decoding=\"async\" src=\"https:\/\/web.bsv-halle.de\/cms\/wp-content\/uploads\/elementor\/thumbs\/DSC3684-scaled-qi2d5z786qwx5uun27f0bfd87g06dytx0uzm4pasus.jpg\" title=\"_DSC3684\" alt=\"_DSC3684\" loading=\"lazy\" \/>\t\t\t\t\t\t\t\t\t\t\t\t\t\t\t<\/div>\n\t\t\t\t<\/div>\n\t\t<div class=\"elementor-element elementor-element-8272493 e-con-full e-flex e-con e-child\" data-id=\"8272493\" data-element_type=\"container\">\n\t\t\t\t<div class=\"elementor-element elementor-element-06ec5dd elementor-widget elementor-widget-heading\" data-id=\"06ec5dd\" data-element_type=\"widget\" data-widget_type=\"heading.default\">\n\t\t\t\t<div class=\"elementor-widget-container\">\n\t\t\t\t\t<h2 class=\"elementor-heading-title elementor-size-default\">Kanu Slalom<\/h2>\t\t\t\t<\/div>\n\t\t\t\t<\/div>\n\t\t\t\t<div class=\"elementor-element elementor-element-baa6c27 elementor-widget elementor-widget-text-editor\" data-id=\"baa6c27\" data-element_type=\"widget\" data-widget_type=\"text-editor.default\">\n\t\t\t\t<div class=\"elementor-widget-container\">\n\t\t\t\t\t\t\t\t\t<p>Unsere Kanu Slalom-Abteilung ist das Herzst\u00fcck unserer Nachwuchsarbeit und des Leistungssports. Hier suchen und entwickeln wir junge Talente und begleiten sie auf ihrem Weg zu sportlichen H\u00f6chstleistungen. Unsere Trainer bereiten die Athleten intensiv auf regionale und nationale Wettbewerbe vor und schaffen dabei eine motivierende und unterst\u00fctzende Teamatmosph\u00e4re.<\/p>\t\t\t\t\t\t\t\t<\/div>\n\t\t\t\t<\/div>\n\t\t\t\t<div class=\"elementor-element elementor-element-59788e4 elementor-widget elementor-widget-button\" data-id=\"59788e4\" data-element_type=\"widget\" data-widget_type=\"button.default\">\n\t\t\t\t<div class=\"elementor-widget-container\">\n\t\t\t\t\t\t\t\t\t<div class=\"elementor-button-wrapper\">\n\t\t\t\t\t<a class=\"elementor-button elementor-button-link elementor-size-sm\" href=\"https:\/\/web.bsv-halle.de\/cms\/kontakte\/\">\n\t\t\t\t\t\t<span class=\"elementor-button-content-wrapper\">\n\t\t\t\t\t\t\t\t\t<span class=\"elementor-button-text\">kostenloses Probetraining<\/span>\n\t\t\t\t\t<\/span>\n\t\t\t\t\t<\/a>\n\t\t\t\t<\/div>\n\t\t\t\t\t\t\t\t<\/div>\n\t\t\t\t<\/div>\n\t\t\t\t<\/div>\n\t\t\t\t<\/div>\n\t\t\t\t<\/div>\n\t\t\t\t<\/div>\n\t\t<div class=\"elementor-element elementor-element-e1fa293 e-con-full e-flex e-con e-child\" data-id=\"e1fa293\" data-element_type=\"container\">\n\t\t<div class=\"elementor-element elementor-element-421f8ae e-con-full e-flex e-con e-child\" data-id=\"421f8ae\" data-element_type=\"container\">\n\t\t<div class=\"elementor-element elementor-element-c49c88b e-con-full e-flex e-con e-child\" data-id=\"c49c88b\" data-element_type=\"container\" data-settings=\"{&quot;background_background&quot;:&quot;classic&quot;}\">\n\t\t\t\t<div class=\"elementor-element elementor-element-f624692 elementor-widget elementor-widget-image\" data-id=\"f624692\" data-element_type=\"widget\" data-widget_type=\"image.default\">\n\t\t\t\t<div class=\"elementor-widget-container\">\n\t\t\t\t\t\t\t\t\t\t\t\t\t\t\t<img decoding=\"async\" src=\"https:\/\/web.bsv-halle.de\/cms\/wp-content\/uploads\/elementor\/thumbs\/IMG_0243-qq4mkpbqpj8ayy9hij2mz1aca6y48oao4okindcqdw.jpeg\" title=\"IMG_0243\" alt=\"IMG_0243\" loading=\"lazy\" \/>\t\t\t\t\t\t\t\t\t\t\t\t\t\t\t<\/div>\n\t\t\t\t<\/div>\n\t\t<div class=\"elementor-element elementor-element-c7ddbdc e-con-full e-flex e-con e-child\" data-id=\"c7ddbdc\" data-element_type=\"container\">\n\t\t\t\t<div class=\"elementor-element elementor-element-9ca173f elementor-widget elementor-widget-heading\" data-id=\"9ca173f\" data-element_type=\"widget\" data-widget_type=\"heading.default\">\n\t\t\t\t<div class=\"elementor-widget-container\">\n\t\t\t\t\t<h2 class=\"elementor-heading-title elementor-size-default\">Kanu Wandern<\/h2>\t\t\t\t<\/div>\n\t\t\t\t<\/div>\n\t\t\t\t<div class=\"elementor-element elementor-element-b43bb87 elementor-widget elementor-widget-text-editor\" data-id=\"b43bb87\" data-element_type=\"widget\" data-widget_type=\"text-editor.default\">\n\t\t\t\t<div class=\"elementor-widget-container\">\n\t\t\t\t\t\t\t\t\t<p>Gemeinsam erleben wir jeden Mittwoch, wie vielf\u00e4ltig die Saale in Halle ist. Mehrmals im Jahr fahren wir an Wochenenden auf den sch\u00f6nen, sich zu jeder Jahreszeit anders pr\u00e4sentierenden Fl\u00fcssen Mitteldeutschlands, z.B. Saale, Elbe, Unstrut, Bode u.a.. Zweimal im Jahr widmen wir uns dem Gew\u00e4sserschutz und sammeln M\u00fcll aus der Saale. Die Befahrung urw\u00fcchsiger Gew\u00e4sser bietet Entspannung vom Alltag und vermittelt neben dem Hauch von abenteuerlichem Erleben den nachhaltigen Eindruck von der Urkraft der Natur.<\/p>\t\t\t\t\t\t\t\t<\/div>\n\t\t\t\t<\/div>\n\t\t\t\t<div class=\"elementor-element elementor-element-0ffed57 elementor-widget elementor-widget-button\" data-id=\"0ffed57\" data-element_type=\"widget\" data-widget_type=\"button.default\">\n\t\t\t\t<div class=\"elementor-widget-container\">\n\t\t\t\t\t\t\t\t\t<div class=\"elementor-button-wrapper\">\n\t\t\t\t\t<a class=\"elementor-button elementor-button-link elementor-size-sm\" href=\"https:\/\/web.bsv-halle.de\/cms\/kontakte\/\">\n\t\t\t\t\t\t<span class=\"elementor-button-content-wrapper\">\n\t\t\t\t\t\t\t\t\t<span class=\"elementor-button-text\">Kontakt<\/span>\n\t\t\t\t\t<\/span>\n\t\t\t\t\t<\/a>\n\t\t\t\t<\/div>\n\t\t\t\t\t\t\t\t<\/div>\n\t\t\t\t<\/div>\n\t\t\t\t<\/div>\n\t\t\t\t<\/div>\n\t\t\t\t<\/div>\n\t\t\t\t<\/div>\n\t\t<div class=\"elementor-element elementor-element-51ed189 e-con-full e-flex e-con e-child\" data-id=\"51ed189\" data-element_type=\"container\">\n\t\t<div class=\"elementor-element elementor-element-7b7edcd e-con-full e-flex e-con e-child\" data-id=\"7b7edcd\" data-element_type=\"container\">\n\t\t<div class=\"elementor-element elementor-element-dde6679 e-con-full e-flex e-con e-child\" data-id=\"dde6679\" data-element_type=\"container\" data-settings=\"{&quot;background_background&quot;:&quot;classic&quot;}\">\n\t\t\t\t<div class=\"elementor-element elementor-element-f99b3a9 elementor-widget elementor-widget-image\" data-id=\"f99b3a9\" data-element_type=\"widget\" data-widget_type=\"image.default\">\n\t\t\t\t<div class=\"elementor-widget-container\">\n\t\t\t\t\t\t\t\t\t\t\t\t\t\t\t<img fetchpriority=\"high\" decoding=\"async\" width=\"1024\" height=\"576\" src=\"https:\/\/web.bsv-halle.de\/cms\/wp-content\/uploads\/2025\/09\/IMG-20250618-WA0012-1024x576.jpg\" class=\"attachment-large size-large wp-image-2221\" alt=\"\" srcset=\"https:\/\/web.bsv-halle.de\/cms\/wp-content\/uploads\/2025\/09\/IMG-20250618-WA0012-1024x576.jpg 1024w, https:\/\/web.bsv-halle.de\/cms\/wp-content\/uploads\/2025\/09\/IMG-20250618-WA0012-300x169.jpg 300w, https:\/\/web.bsv-halle.de\/cms\/wp-content\/uploads\/2025\/09\/IMG-20250618-WA0012-768x432.jpg 768w, https:\/\/web.bsv-halle.de\/cms\/wp-content\/uploads\/2025\/09\/IMG-20250618-WA0012-1536x864.jpg 1536w, https:\/\/web.bsv-halle.de\/cms\/wp-content\/uploads\/2025\/09\/IMG-20250618-WA0012-800x450.jpg 800w, https:\/\/web.bsv-halle.de\/cms\/wp-content\/uploads\/2025\/09\/IMG-20250618-WA0012.jpg 1600w\" sizes=\"(max-width: 1024px) 100vw, 1024px\" \/>\t\t\t\t\t\t\t\t\t\t\t\t\t\t\t<\/div>\n\t\t\t\t<\/div>\n\t\t<div class=\"elementor-element elementor-element-ea5a1fd e-con-full e-flex e-con e-child\" data-id=\"ea5a1fd\" data-element_type=\"container\">\n\t\t\t\t<div class=\"elementor-element elementor-element-ba8cfb8 elementor-widget elementor-widget-heading\" data-id=\"ba8cfb8\" data-element_type=\"widget\" data-widget_type=\"heading.default\">\n\t\t\t\t<div class=\"elementor-widget-container\">\n\t\t\t\t\t<h2 class=\"elementor-heading-title elementor-size-default\">Kanu Polo<\/h2>\t\t\t\t<\/div>\n\t\t\t\t<\/div>\n\t\t\t\t<div class=\"elementor-element elementor-element-7c340ba elementor-widget elementor-widget-text-editor\" data-id=\"7c340ba\" data-element_type=\"widget\" data-widget_type=\"text-editor.default\">\n\t\t\t\t<div class=\"elementor-widget-container\">\n\t\t\t\t\t\t\t\t\t<p>Unsere Kanu Polo-Gruppe bietet eine spannende und dynamische Sportart, die Geschicklichkeit, Teamgeist und Ausdauer erfordert. In Zusammenarbeit mit der Universit\u00e4t Halle bieten wir Kurse f\u00fcr Anf\u00e4nger und Fortgeschrittene an, die in einer freundlichen und engagierten Gemeinschaft stattfinden.<\/p>\t\t\t\t\t\t\t\t<\/div>\n\t\t\t\t<\/div>\n\t\t\t\t<div class=\"elementor-element elementor-element-014db5a elementor-widget elementor-widget-button\" data-id=\"014db5a\" data-element_type=\"widget\" data-widget_type=\"button.default\">\n\t\t\t\t<div class=\"elementor-widget-container\">\n\t\t\t\t\t\t\t\t\t<div class=\"elementor-button-wrapper\">\n\t\t\t\t\t<a class=\"elementor-button elementor-button-link elementor-size-sm\" href=\"https:\/\/web.bsv-halle.de\/cms\/kontakte\/\">\n\t\t\t\t\t\t<span class=\"elementor-button-content-wrapper\">\n\t\t\t\t\t\t\t\t\t<span class=\"elementor-button-text\">Kontakt<\/span>\n\t\t\t\t\t<\/span>\n\t\t\t\t\t<\/a>\n\t\t\t\t<\/div>\n\t\t\t\t\t\t\t\t<\/div>\n\t\t\t\t<\/div>\n\t\t\t\t<\/div>\n\t\t\t\t<\/div>\n\t\t\t\t<\/div>\n\t\t\t\t<\/div>\n\t\t\t\t<\/div>\n\t\t\t\t<\/div>\n\t\t","protected":false},"excerpt":{"rendered":"<p>Die Sektion Kanu Ob Slalom , Wanderpaddeln oder\u00a0 Kanu Polo &#8211; hier findet jeder etwas! Kanu Slalom Unsere Kanu Slalom-Abteilung ist das Herzst\u00fcck unserer Nachwuchsarbeit und des Leistungssports. Hier suchen [&hellip;]<\/p>\n","protected":false},"author":4,"featured_media":0,"parent":0,"menu_order":0,"comment_status":"closed","ping_status":"closed","template":"","meta":{"_EventAllDay":false,"_EventTimezone":"","_EventStartDate":"","_EventEndDate":"","_EventStartDateUTC":"","_EventEndDateUTC":"","_EventShowMap":false,"_EventShowMapLink":false,"_EventURL":"","_EventCost":"","_EventCostDescription":"","_EventCurrencySymbol":"","_EventCurrencyCode":"","_EventCurrencyPosition":"","_EventDateTimeSeparator":"","_EventTimeRangeSeparator":"","_EventOrganizerID":[],"_EventVenueID":[],"_OrganizerEmail":"","_OrganizerPhone":"","_OrganizerWebsite":"","_VenueAddress":"","_VenueCity":"","_VenueCountry":"","_VenueProvince":"","_VenueState":"","_VenueZip":"","_VenuePhone":"","_VenueURL":"","_VenueStateProvince":"","_VenueLat":"","_VenueLng":"","_VenueShowMap":false,"_VenueShowMapLink":false,"ocean_post_layout":"full-screen","ocean_both_sidebars_style":"","ocean_both_sidebars_content_width":0,"ocean_both_sidebars_sidebars_width":0,"ocean_sidebar":"","ocean_second_sidebar":"","ocean_disable_margins":"enable","ocean_add_body_class":"","ocean_shortcode_before_top_bar":"","ocean_shortcode_after_top_bar":"","ocean_shortcode_before_header":"","ocean_shortcode_after_header":"","ocean_has_shortcode":"","ocean_shortcode_after_title":"","ocean_shortcode_before_footer_widgets":"","ocean_shortcode_after_footer_widgets":"","ocean_shortcode_before_footer_bottom":"","ocean_shortcode_after_footer_bottom":"","ocean_display_top_bar":"off","ocean_display_header":"default","ocean_header_style":"","ocean_center_header_left_menu":"","ocean_custom_header_template":"","ocean_custom_logo":0,"ocean_custom_retina_logo":0,"ocean_custom_logo_max_width":0,"ocean_custom_logo_tablet_max_width":0,"ocean_custom_logo_mobile_max_width":0,"ocean_custom_logo_max_height":0,"ocean_custom_logo_tablet_max_height":0,"ocean_custom_logo_mobile_max_height":0,"ocean_header_custom_menu":"","ocean_menu_typo_font_family":"","ocean_menu_typo_font_subset":"","ocean_menu_typo_font_size":0,"ocean_menu_typo_font_size_tablet":0,"ocean_menu_typo_font_size_mobile":0,"ocean_menu_typo_font_size_unit":"px","ocean_menu_typo_font_weight":"","ocean_menu_typo_font_weight_tablet":"","ocean_menu_typo_font_weight_mobile":"","ocean_menu_typo_transform":"","ocean_menu_typo_transform_tablet":"","ocean_menu_typo_transform_mobile":"","ocean_menu_typo_line_height":0,"ocean_menu_typo_line_height_tablet":0,"ocean_menu_typo_line_height_mobile":0,"ocean_menu_typo_line_height_unit":"","ocean_menu_typo_spacing":0,"ocean_menu_typo_spacing_tablet":0,"ocean_menu_typo_spacing_mobile":0,"ocean_menu_typo_spacing_unit":"","ocean_menu_link_color":"","ocean_menu_link_color_hover":"","ocean_menu_link_color_active":"","ocean_menu_link_background":"","ocean_menu_link_hover_background":"","ocean_menu_link_active_background":"","ocean_menu_social_links_bg":"","ocean_menu_social_hover_links_bg":"","ocean_menu_social_links_color":"","ocean_menu_social_hover_links_color":"","ocean_disable_title":"on","ocean_disable_heading":"default","ocean_post_title":"","ocean_post_subheading":"","ocean_post_title_style":"","ocean_post_title_background_color":"","ocean_post_title_background":0,"ocean_post_title_bg_image_position":"","ocean_post_title_bg_image_attachment":"","ocean_post_title_bg_image_repeat":"","ocean_post_title_bg_image_size":"","ocean_post_title_height":0,"ocean_post_title_bg_overlay":0.5,"ocean_post_title_bg_overlay_color":"","ocean_disable_breadcrumbs":"default","ocean_breadcrumbs_color":"","ocean_breadcrumbs_separator_color":"","ocean_breadcrumbs_links_color":"","ocean_breadcrumbs_links_hover_color":"","ocean_display_footer_widgets":"off","ocean_display_footer_bottom":"off","ocean_custom_footer_template":"","footnotes":""},"class_list":["post-708","page","type-page","status-publish","hentry","entry"],"aioseo_notices":[],"_links":{"self":[{"href":"https:\/\/web.bsv-halle.de\/cms\/wp-json\/wp\/v2\/pages\/708","targetHints":{"allow":["GET"]}}],"collection":[{"href":"https:\/\/web.bsv-halle.de\/cms\/wp-json\/wp\/v2\/pages"}],"about":[{"href":"https:\/\/web.bsv-halle.de\/cms\/wp-json\/wp\/v2\/types\/page"}],"author":[{"embeddable":true,"href":"https:\/\/web.bsv-halle.de\/cms\/wp-json\/wp\/v2\/users\/4"}],"replies":[{"embeddable":true,"href":"https:\/\/web.bsv-halle.de\/cms\/wp-json\/wp\/v2\/comments?post=708"}],"version-history":[{"count":10,"href":"https:\/\/web.bsv-halle.de\/cms\/wp-json\/wp\/v2\/pages\/708\/revisions"}],"predecessor-version":[{"id":2473,"href":"https:\/\/web.bsv-halle.de\/cms\/wp-json\/wp\/v2\/pages\/708\/revisions\/2473"}],"wp:attachment":[{"href":"https:\/\/web.bsv-halle.de\/cms\/wp-json\/wp\/v2\/media?parent=708"}],"curies":[{"name":"wp","href":"https:\/\/api.w.org\/{rel}","templated":true}]}}